{"id":396,"date":"2013-06-18T07:22:53","date_gmt":"2013-06-18T05:22:53","guid":{"rendered":"http:\/\/fnv-aulendorf.de\/wordpress\/?page_id=396"},"modified":"2025-03-03T11:45:35","modified_gmt":"2025-03-03T10:45:35","slug":"jugendgruppe","status":"publish","type":"page","link":"https:\/\/fnv-aulendorf.de\/?page_id=396","title":{"rendered":"Jugendgruppe"},"content":{"rendered":"\n<p>Unsere Jugendgruppe hat viele aktive Mitglieder zwischen 10 und 18 Jahren.<\/p>\n\n\n\n<p>\u00dcber das ganze Jahr werden verschiedene Veranstaltungen und Meetings abgehalten.<\/p>\n\n\n\n<p>Von Fr\u00fchjahr bis Herbst gibt es gemeinsame Fischen an den Vereinsgew\u00e4ssern und im Sommer ein Jugendzeltlager.<\/p>\n\n\n\n<p>Im Winter treffen wir uns im Fischerheim, bauen Angeln sprechen \u00fcber \u00fcber Fauna und Flora im und am Gew\u00e4sser, und tauschen uns aus \u00fcber alles, was die Fischerei ausmacht.<\/p>\n\n\n\n<p>Mail: <a href=\"mailto:jugendgruppe@fnv-aulendorf.de\">Jugendgruppe<\/a><\/p>\n\n\n\n<p><\/p>\n","protected":false},"excerpt":{"rendered":"<p>Unsere Jugendgruppe hat viele aktive Mitglieder zwischen 10 und 18 Jahren. \u00dcber das ganze Jahr werden verschiedene Veranstaltungen und Meetings abgehalten. Von Fr\u00fchjahr bis Herbst gibt es gemeinsame Fischen an den Vereinsgew\u00e4ssern und im Sommer ein Jugendzeltlager. Im Winter treffen wir uns im Fischerheim, bauen Angeln sprechen \u00fcber \u00fcber Fauna und Flora im und am &#8230; <a title=\"Jugendgruppe\" class=\"read-more\" href=\"https:\/\/fnv-aulendorf.de\/?page_id=396\" aria-label=\"Mehr Informationen \u00fcber Jugendgruppe\">Weiterlesen &#8230;<\/a><\/p>\n","protected":false},"author":1,"featured_media":0,"parent":0,"menu_order":0,"comment_status":"closed","ping_status":"closed","template":"","meta":{"generate_page_header":"","footnotes":""},"class_list":["post-396","page","type-page","status-publish"],"_links":{"self":[{"href":"https:\/\/fnv-aulendorf.de\/index.php?rest_route=\/wp\/v2\/pages\/396","targetHints":{"allow":["GET"]}}],"collection":[{"href":"https:\/\/fnv-aulendorf.de\/index.php?rest_route=\/wp\/v2\/pages"}],"about":[{"href":"https:\/\/fnv-aulendorf.de\/index.php?rest_route=\/wp\/v2\/types\/page"}],"author":[{"embeddable":true,"href":"https:\/\/fnv-aulendorf.de\/index.php?rest_route=\/wp\/v2\/users\/1"}],"replies":[{"embeddable":true,"href":"https:\/\/fnv-aulendorf.de\/index.php?rest_route=%2Fwp%2Fv2%2Fcomments&post=396"}],"version-history":[{"count":30,"href":"https:\/\/fnv-aulendorf.de\/index.php?rest_route=\/wp\/v2\/pages\/396\/revisions"}],"predecessor-version":[{"id":2787,"href":"https:\/\/fnv-aulendorf.de\/index.php?rest_route=\/wp\/v2\/pages\/396\/revisions\/2787"}],"wp:attachment":[{"href":"https:\/\/fnv-aulendorf.de\/index.php?rest_route=%2Fwp%2Fv2%2Fmedia&parent=396"}],"curies":[{"name":"wp","href":"https:\/\/api.w.org\/{rel}","templated":true}]}}